{"id":892,"date":"2020-10-28T00:56:34","date_gmt":"2020-10-28T03:56:34","guid":{"rendered":"https:\/\/ifdvinchina-lrj.infd.edu.ar\/sitio\/?page_id=892"},"modified":"2022-03-11T20:36:23","modified_gmt":"2022-03-11T23:36:23","slug":"tutoriales","status":"publish","type":"page","link":"https:\/\/ifdvinchina-lrj.infd.edu.ar\/sitio\/tutoriales\/","title":{"rendered":"Formaci\u00f3n Docente"},"content":{"rendered":"<h1><span style=\"color: #3366ff;\">Capacitaci\u00f3n<\/span><\/h1>\n<p>Presentamos una serie de tutoriales y recursos tecnol\u00f3gicos disponibles en la web educativa, que se pueden utilizar para distintos fines, desde la configuraci\u00f3n de nuestra aula virtual hasta elementos para implementar en las clases.<\/p>\n<ul>\n<li>Tutoriales y materiales te\u00f3ricos sobre el uso del campus virtual INFD que comparte la red de Institutos, algunos tips y criterios de uso.<\/li>\n<li>Tutoriales sobre el sitio web que complementa al campus virtual INFD que comparte la red de Institutos.<\/li>\n<li>Tutoriales de herramientas compartidas en diferentes sitios web para acompa\u00f1ar la tarea pedag\u00f3gica y mejorar la experiencia en las aulas virtuales.<\/li>\n<\/ul>\n<hr>\n<h3><span style=\"color: #3366ff;\">Tutoriales<\/span><\/h3>\n<div  class=\"lgc-column lgc-grid-parent lgc-grid-33 lgc-tablet-grid-50 lgc-mobile-grid-100 lgc-equal-heights \"><div  class=\"inside-grid-column\">\n<p><a href=\"https:\/\/red.infd.edu.ar\/tutoriales-y-aportes-teoricos\/tutoriales-campus-virtual-infd\/\"> <img decoding=\"async\" loading=\"lazy\" class=\"wp-image-889 aligncenter\" src=\"https:\/\/ifdvinchina-lrj.infd.edu.ar\/sitio\/wp-content\/uploads\/2020\/08\/1-1000x563.png\" alt=\"\" width=\"298\" height=\"167\"\/><\/a><\/p>\n<h3><span style=\"color: #3366ff;\">Tutoriales campus virtual INFD<\/span><\/h3>\n<p>En esta p\u00e1gina podr\u00e1n encontrar tutoriales&nbsp;y materiales te\u00f3ricos sobre el uso del <em>campus virtual INFD<\/em> que comparten la red de Institutos, nucleados en el Instituto Nacional de Formaci\u00f3n Docente, algunos tips y criterios de uso.<\/p>\n<p>El software de base es una personalizaci\u00f3n del <em>campus virtual educativa<\/em>.<\/p>\n<p><\/p><\/div><\/div>\n<div  class=\"lgc-column lgc-grid-parent lgc-grid-33 lgc-tablet-grid-50 lgc-mobile-grid-100 lgc-equal-heights \"><div  class=\"inside-grid-column\">\n<p><a href=\"https:\/\/red.infd.edu.ar\/tutoriales-y-aportes-teoricos\/tutoriales-sitio-web-infd\/\"><img decoding=\"async\" loading=\"lazy\" class=\"wp-image-890 aligncenter\" src=\"https:\/\/ifdvinchina-lrj.infd.edu.ar\/sitio\/wp-content\/uploads\/2020\/08\/2-1000x563.png\" alt=\"\" width=\"281\" height=\"158\"\/> <\/a><\/p>\n<h3><span style=\"color: #3366ff;\">Tutoriales sitio web INFD<\/span><\/h3>\n<p>En esta p\u00e1gina encontrar\u00e1n tutoriales&nbsp;sobre el sitio web que complementa al <em>campus virtual INFD<\/em> que comparte la red de Institutos, nucleados en el Instituto Nacional de Formaci\u00f3n Docente.<\/p>\n<p>El software de base es una adaptaci\u00f3n de la plataforma de gesti\u00f3n de contenidos WordPress.<\/p>\n<p><\/p><\/div><\/div>\n<div  class=\"lgc-column lgc-grid-parent lgc-grid-33 lgc-tablet-grid-50 lgc-mobile-grid-100 lgc-equal-heights \"><div  class=\"inside-grid-column\">\n<p><a href=\"https:\/\/red.infd.edu.ar\/tutoriales-y-aportes-teoricos\/herramientas\/\"><img decoding=\"async\" loading=\"lazy\" class=\" wp-image-891\" src=\"https:\/\/ifdvinchina-lrj.infd.edu.ar\/sitio\/wp-content\/uploads\/2020\/08\/3-1000x563.png\" alt=\"\" width=\"309\" height=\"174\"\/><\/a><\/p>\n<h3><span style=\"color: #3366ff;\">Herramientas digitales para trabajar en el aula<\/span><\/h3>\n<p>En esta p\u00e1gina encontrar\u00e1n tutoriales de herramientas de terceros, compartidas en diferentes sitios web para acompa\u00f1ar la tarea pedag\u00f3gica y mejorar la experiencia en las aulas virtuales.<\/p>\n<p>El fin de estos tutoriales es acercarlos a una idea sobre el uso de la herramienta. El INFOD <strong>no da soporte <\/strong>sobre estas plataformas y aplicaciones. Para manuales de ayuda m\u00e1s completos o dudas, deben recurrir al sitio web oficial de su desarrollador.<\/p>\n<p><\/p><\/div><\/div><div class=\"lgc-clear\"><\/div>\n","protected":false},"excerpt":{"rendered":"<p>Capacitaci\u00f3n Presentamos una serie de tutoriales y recursos tecnol\u00f3gicos disponibles en la web educativa, que se pueden utilizar para distintos fines, desde la configuraci\u00f3n de nuestra aula virtual hasta elementos para implementar en las clases. Tutoriales y materiales te\u00f3ricos sobre el uso del campus virtual INFD que comparte la red de Institutos, algunos tips y &#8230; <a title=\"Formaci\u00f3n Docente\" class=\"read-more\" href=\"https:\/\/ifdvinchina-lrj.infd.edu.ar\/sitio\/tutoriales\/\" aria-label=\"More on Formaci\u00f3n Docente\">[+]<\/a><\/p>\n","protected":false},"author":793,"featured_media":0,"parent":0,"menu_order":0,"comment_status":"closed","ping_status":"closed","template":"","meta":[],"acf":[],"_links":{"self":[{"href":"https:\/\/ifdvinchina-lrj.infd.edu.ar\/sitio\/wp-json\/wp\/v2\/pages\/892"}],"collection":[{"href":"https:\/\/ifdvinchina-lrj.infd.edu.ar\/sitio\/wp-json\/wp\/v2\/pages"}],"about":[{"href":"https:\/\/ifdvinchina-lrj.infd.edu.ar\/sitio\/wp-json\/wp\/v2\/types\/page"}],"author":[{"embeddable":true,"href":"https:\/\/ifdvinchina-lrj.infd.edu.ar\/sitio\/wp-json\/wp\/v2\/users\/793"}],"replies":[{"embeddable":true,"href":"https:\/\/ifdvinchina-lrj.infd.edu.ar\/sitio\/wp-json\/wp\/v2\/comments?post=892"}],"version-history":[{"count":11,"href":"https:\/\/ifdvinchina-lrj.infd.edu.ar\/sitio\/wp-json\/wp\/v2\/pages\/892\/revisions"}],"predecessor-version":[{"id":1673,"href":"https:\/\/ifdvinchina-lrj.infd.edu.ar\/sitio\/wp-json\/wp\/v2\/pages\/892\/revisions\/1673"}],"wp:attachment":[{"href":"https:\/\/ifdvinchina-lrj.infd.edu.ar\/sitio\/wp-json\/wp\/v2\/media?parent=892"}],"curies":[{"name":"wp","href":"https:\/\/api.w.org\/{rel}","templated":true}]}}