{"id":789,"date":"2018-08-31T12:56:56","date_gmt":"2018-08-31T15:56:56","guid":{"rendered":"https:\/\/ifdvinchina-lrj.infd.edu.ar\/sitio\/correlatividades-diseno-curricular-2015\/"},"modified":"2020-08-22T12:39:57","modified_gmt":"2020-08-22T15:39:57","slug":"correlatividades-diseno-curricular-2015","status":"publish","type":"page","link":"https:\/\/ifdvinchina-lrj.infd.edu.ar\/sitio\/correlatividades-diseno-curricular-2015\/","title":{"rendered":"Correlatividades Dise\u00f1o Curricular"},"content":{"rendered":"<h1 style=\"text-align: center;\"><span style=\"color: #ff6600;\"><strong>PROFESORADO DE EDUCACI\u00d3N PRIMARIA<\/strong><\/span><\/h1>\n<h2 style=\"text-align: center;\"><span style=\"color: #ff6600;\"><strong>R\u00c9GIMEN DE CORRELATIVIDADES<\/strong><\/span><\/h2>\n<table style=\"height: 462px;\" width=\"1067\">\n<tbody>\n<tr>\n<td rowspan=\"2\"><strong>A\u00d1O<\/strong><\/td>\n<td rowspan=\"2\" width=\"488\"><strong>UNIDADES CURRICULARES<\/strong><\/td>\n<td colspan=\"2\" width=\"378\"><strong>PARA CURSAR<\/strong><\/td>\n<td width=\"154\"><strong>PARA RENDIR<\/strong><\/td>\n<\/tr>\n<tr>\n<td width=\"213\"><strong>\u00a0\u00a0\u00a0 REGULARIZADA<\/strong><\/td>\n<td width=\"165\"><strong>\u00a0\u00a0 APROBADA<\/strong><\/td>\n<td width=\"154\"><strong>APROBADA<\/strong><\/td>\n<\/tr>\n<tr>\n<td rowspan=\"9\"><strong>1\u00ba<\/strong><\/td>\n<td width=\"488\">1.Taller: Lectura y escritura acad\u00e9mica<\/td>\n<td width=\"213\"><\/td>\n<td width=\"165\"><\/td>\n<td width=\"154\"><\/td>\n<\/tr>\n<tr>\n<td width=\"488\">2. Filosof\u00eda<\/td>\n<td width=\"213\"><\/td>\n<td width=\"165\"><\/td>\n<td width=\"154\"><\/td>\n<\/tr>\n<tr>\n<td width=\"488\">3. Pedagog\u00eda<\/td>\n<td width=\"213\"><\/td>\n<td width=\"165\"><\/td>\n<td width=\"154\"><\/td>\n<\/tr>\n<tr>\n<td width=\"488\">4. Historia<\/td>\n<td width=\"213\"><\/td>\n<td width=\"165\"><\/td>\n<td width=\"154\"><\/td>\n<\/tr>\n<tr>\n<td width=\"488\">5. Matem\u00e1tica<\/td>\n<td width=\"213\"><\/td>\n<td width=\"165\"><\/td>\n<td width=\"154\"><\/td>\n<\/tr>\n<tr>\n<td width=\"488\">6. Lengua y Literatura<\/td>\n<td width=\"213\"><\/td>\n<td width=\"165\"><\/td>\n<td width=\"154\"><\/td>\n<\/tr>\n<tr>\n<td width=\"488\">7. Ciencias Naturales<\/td>\n<td width=\"213\"><\/td>\n<td width=\"165\"><\/td>\n<td width=\"154\"><\/td>\n<\/tr>\n<tr>\n<td width=\"488\">8. Geograf\u00eda<\/td>\n<td width=\"213\"><\/td>\n<td width=\"165\"><\/td>\n<td width=\"154\"><\/td>\n<\/tr>\n<tr>\n<td width=\"488\">9. Pr\u00e1ctica I: Introducci\u00f3n a la realidad educativa de las instituciones y sus contextos<\/td>\n<td width=\"213\"><\/td>\n<td width=\"165\"><\/td>\n<td width=\"154\"><\/td>\n<\/tr>\n<\/tbody>\n<\/table>\n<table style=\"height: 1170px;\" width=\"1133\">\n<tbody>\n<tr>\n<td rowspan=\"2\" width=\"57\"><strong>A\u00d1O<\/strong><\/td>\n<td rowspan=\"2\" width=\"484\"><strong>UNIDADES CURRICULARES<\/strong><\/td>\n<td colspan=\"2\" width=\"378\"><strong>PARA CURSAR<\/strong><\/td>\n<td width=\"160\"><strong>PARA RENDIR<\/strong><\/td>\n<\/tr>\n<tr>\n<td width=\"213\"><strong>RREGULARIZADA\u00a0\u00a0\u00a0\u00a0\u00a0\u00a0\u00a0\u00a0\u00a0\u00a0\u00a0\u00a0\u00a0 <\/strong><\/td>\n<td width=\"165\"><strong>\u00a0 APROBADA <\/strong><\/td>\n<td width=\"160\"><strong>APROBADA<\/strong><\/td>\n<\/tr>\n<tr>\n<td rowspan=\"10\" width=\"57\"><strong>2\u00b0<\/strong><\/td>\n<td width=\"484\">\u00a010.Psicolog\u00eda \u00a0Educacional<\/td>\n<td width=\"213\">\u00a0\u00a0 Pedagog\u00eda<\/td>\n<td width=\"165\"><\/td>\n<td width=\"160\"><\/td>\n<\/tr>\n<tr>\n<td width=\"484\">11. Did\u00e1ctica General<\/td>\n<td width=\"213\">\u00a0 \u00a0 Pedagog\u00eda<\/td>\n<td width=\"165\"><\/td>\n<td width=\"160\">\u00a0\u00a0 Pedagog\u00eda<\/td>\n<\/tr>\n<tr>\n<td width=\"484\">12. Tecnolog\u00eda de la Informaci\u00f3n y la comunicaci\u00f3n<\/td>\n<td width=\"213\"><\/td>\n<td width=\"165\"><\/td>\n<td width=\"160\"><\/td>\n<\/tr>\n<tr>\n<td width=\"484\">13. Sujetos de la Educaci\u00f3n Primaria<\/td>\n<td width=\"213\"><\/td>\n<td width=\"165\"><\/td>\n<td width=\"160\"><\/td>\n<\/tr>\n<tr>\n<td width=\"484\">14. Problem\u00e1ticas de la Educaci\u00f3n Primaria<\/td>\n<td width=\"213\"><\/td>\n<td width=\"165\"><\/td>\n<td width=\"160\"><\/td>\n<\/tr>\n<tr>\n<td width=\"484\">15. Did\u00e1ctica de la \u00a0 Matem\u00e1tica I<\/td>\n<td width=\"213\">\u00a0 Matem\u00e1tica<\/td>\n<td width=\"165\"><\/td>\n<td width=\"160\">\u00a0\u00a0 Matem\u00e1tica<\/td>\n<\/tr>\n<tr>\n<td width=\"484\">16. Did\u00e1ctica de la Lengua y la Literatura I<\/td>\n<td width=\"213\">\u00a0Lengua Y\u00a0Literatura<\/td>\n<td width=\"165\">Taller: Lectura y\u00a0\u00a0 \u00a0\u00a0escritura academica<\/td>\n<td width=\"160\">Lengua y\u00a0 Literatura<\/td>\n<\/tr>\n<tr>\n<td width=\"484\">17. Did\u00e1ctica de la Ciencias Naturales I<\/td>\n<td width=\"213\">-Ciencias Naturales<\/td>\n<td width=\"165\"><\/td>\n<td width=\"160\">-Ciencias Naturales<\/td>\n<\/tr>\n<tr>\n<td width=\"484\">18. Did\u00e1ctica de las Ciencias Sociales I<\/td>\n<td width=\"213\">\u00a0&#8211; Historia<\/p>\n<p>&#8211; \u00a0Geograf\u00eda<\/td>\n<td width=\"165\"><\/td>\n<td width=\"160\">&#8211; \u00a0Historia<\/p>\n<p>&#8211; Geograf\u00eda<\/td>\n<\/tr>\n<tr>\n<td width=\"484\">19. Pr\u00e1ctica II: Organizaci\u00f3n de la tarea docente y coordinaci\u00f3n de grupos de aprendizaje<\/td>\n<td width=\"213\">&#8211; Historia<\/p>\n<p>&#8211; Geograf\u00eda<\/p>\n<p>&#8211; Ciencias Naturales<\/p>\n<p>&#8211; Pedagog\u00eda<\/td>\n<td width=\"165\">&#8211; Pr\u00e1ctica I: Introducci\u00f3n a la realidad educativa de las instituciones y sus contextos<\/p>\n<p>&#8211; Matem\u00e1tica<\/p>\n<p>&#8211; Lengua y Literatura<\/td>\n<td width=\"160\"><\/td>\n<\/tr>\n<\/tbody>\n<\/table>\n<table>\n<tbody>\n<tr>\n<td rowspan=\"2\"><strong>A\u00d1O<\/strong><\/td>\n<td rowspan=\"2\" width=\"486\"><strong>UNIDADES CURRICULARES<\/strong><\/td>\n<td colspan=\"2\" width=\"379\"><strong>PARA CURSAR<\/strong><\/td>\n<td width=\"160\"><strong>PARA RENDIR<\/strong><\/td>\n<\/tr>\n<tr>\n<td width=\"213\"><strong>\u00a0\u00a0\u00a0\u00a0 REGULARIZADA<\/strong><\/td>\n<td width=\"166\"><strong>\u00a0\u00a0\u00a0 APROBADA<\/strong><\/td>\n<td width=\"160\"><strong>APROBADA<\/strong><\/td>\n<\/tr>\n<tr>\n<td rowspan=\"10\"><strong>3\u00b0<\/strong><\/td>\n<td width=\"486\">20. Sociolog\u00eda de la Educaci\u00f3n<\/td>\n<td width=\"213\"><\/td>\n<td width=\"166\"><\/td>\n<td width=\"160\"><\/td>\n<\/tr>\n<tr>\n<td width=\"486\">21. Historia y pol\u00edtica de la Educaci\u00f3n Argentina<\/td>\n<td width=\"213\"><\/td>\n<td width=\"166\"><\/td>\n<td width=\"160\"><\/td>\n<\/tr>\n<tr>\n<td width=\"486\">22. Investigaci\u00f3n Educativa<\/td>\n<td width=\"213\">Did\u00e1ctica General<\/td>\n<td width=\"166\"><\/td>\n<td width=\"160\">Did\u00e1ctica General<\/td>\n<\/tr>\n<tr>\n<td width=\"486\">23. Did\u00e1ctica de la Lengua y<\/p>\n<p>la Literatura II<\/td>\n<td width=\"213\">Did\u00e1ctica de la Lengua y la Literatura I<\/td>\n<td width=\"166\">Lengua y Literatura<\/td>\n<td width=\"160\">Did\u00e1ctica de la Lengua y la Literatura I<\/td>\n<\/tr>\n<tr>\n<td width=\"486\">24. Alfabetizaci\u00f3n inicial<\/td>\n<td width=\"213\">\u00a0&#8211; Sujetos de la Educaci\u00f3n Primaria<\/p>\n<p>&#8211; Did\u00e1ctica de la Lengua y la Literatura I<\/td>\n<td width=\"166\">Lengua y Literatura<\/td>\n<td width=\"160\">Sujetos de la Educaci\u00f3n Primaria<\/p>\n<p>Did\u00e1ctica de la Lengua y la Literatura I<\/td>\n<\/tr>\n<tr>\n<td width=\"486\">25. Did\u00e1ctica de la Matem\u00e1tica II<\/td>\n<td width=\"213\">Did\u00e1ctica de la\u00a0\u00a0 Matem\u00e1tica I<\/td>\n<td width=\"166\">Matem\u00e1tica<\/td>\n<td width=\"160\">Did\u00e1ctica de la\u00a0\u00a0 Matem\u00e1tica I<\/td>\n<\/tr>\n<tr>\n<td width=\"486\">26. Did\u00e1ctica de las<\/p>\n<p>Ciencias Naturales II<\/td>\n<td width=\"213\">Did\u00e1ctica de la Ciencias Naturales I<\/td>\n<td width=\"166\">Ciencias Naturales<\/td>\n<td width=\"160\">Did\u00e1ctica de la Ciencias Naturales I<\/td>\n<\/tr>\n<tr>\n<td width=\"486\">27. Did\u00e1ctica de las Ciencias Sociales II<\/td>\n<td width=\"213\">Did\u00e1ctica de las Ciencias Sociales I<\/td>\n<td width=\"166\">&#8211; Historia<\/p>\n<p>&#8211; Geograf\u00eda<\/td>\n<td width=\"160\">Did\u00e1ctica de las Ciencias Sociales I<\/td>\n<\/tr>\n<tr>\n<td width=\"486\">28. Lenguaje corporal y pl\u00e1stica visual<\/td>\n<td width=\"213\">Sujetos de la Educaci\u00f3n Primaria<\/td>\n<td width=\"166\"><\/td>\n<td width=\"160\">Sujetos de la Educaci\u00f3n Primaria<\/td>\n<\/tr>\n<tr>\n<td width=\"486\">29. Pr\u00e1ctica III: Programaci\u00f3n y evaluaci\u00f3n de los aprendizajes<\/td>\n<td width=\"213\">&#8211; Did\u00e1ctica General<\/p>\n<p>&#8211; Sujetos de la Educaci\u00f3n Primaria<\/p>\n<p>&#8211; Did\u00e1ctica de la Ciencias Naturales I<\/p>\n<p>&#8211; Did\u00e1ctica de las Ciencias Sociales I<\/p>\n<p>&nbsp;<\/td>\n<td width=\"166\">&#8211; Pr\u00e1ctica II: Organizaci\u00f3n de la tarea docente y coordinaci\u00f3n de grupos de aprendizaje.<\/p>\n<p>&#8211; Pedagog\u00eda<\/p>\n<p>&#8211; Did\u00e1ctica de la\u00a0\u00a0 Matem\u00e1tica I<\/p>\n<p>&#8211; Did\u00e1ctica de la Lengua y la Literatura I<\/td>\n<td width=\"160\"><\/td>\n<\/tr>\n<\/tbody>\n<\/table>\n<table>\n<tbody>\n<tr>\n<td rowspan=\"2\"><strong>A\u00d1O<\/strong><\/td>\n<td rowspan=\"2\" width=\"488\"><strong>UNIDADES CURRICULARES<\/strong><\/td>\n<td colspan=\"2\" width=\"378\"><strong>PARA CURSAR<\/strong><\/td>\n<td width=\"153\"><strong>PARA RENDIR<\/strong><\/td>\n<\/tr>\n<tr>\n<td width=\"213\"><strong>REGULARIZADA<\/strong><\/td>\n<td width=\"165\"><strong>APROBADA<\/strong><\/td>\n<td width=\"153\"><strong>APROBADA<\/strong><\/td>\n<\/tr>\n<tr>\n<td rowspan=\"7\"><strong>4\u00b0<\/strong><\/td>\n<td width=\"488\">30. \u00c9tica y Deontolog\u00eda Docente<\/td>\n<td width=\"213\"><\/td>\n<td width=\"165\"><\/td>\n<td width=\"153\"><\/td>\n<\/tr>\n<tr>\n<td width=\"488\">31. Espacio de Definici\u00f3n Institucional (CFG)<\/td>\n<td width=\"213\"><\/td>\n<td width=\"165\"><\/td>\n<td width=\"153\"><\/td>\n<\/tr>\n<tr>\n<td width=\"488\">32. Taller de Educaci\u00f3n Sexual Integral<\/td>\n<td width=\"213\"><\/td>\n<td width=\"165\"><\/td>\n<td width=\"153\"><\/td>\n<\/tr>\n<tr>\n<td width=\"488\">33. Lenguaje musical<\/td>\n<td width=\"213\">Lenguaje corporal y pl\u00e1stica visual<\/td>\n<td width=\"165\"><\/td>\n<td width=\"153\"><\/td>\n<\/tr>\n<tr>\n<td width=\"488\">34. Educaci\u00f3n F\u00edsica<\/td>\n<td width=\"213\">Lenguaje corporal y pl\u00e1stica visual<\/td>\n<td width=\"165\"><\/td>\n<td width=\"153\"><\/td>\n<\/tr>\n<tr>\n<td width=\"488\">35. Espacio de Definici\u00f3n institucional (CFE)<\/td>\n<td width=\"213\"><\/td>\n<td width=\"165\"><\/td>\n<td width=\"153\"><\/td>\n<\/tr>\n<tr>\n<td width=\"488\">36. Pr\u00e1ctica IV &#8211; Residencia<\/td>\n<td width=\"213\">&#8211; Investigaci\u00f3n Educativa<\/p>\n<p>&#8211; Alfabetizaci\u00f3n inicial\u00a0\u00a0\u00a0\u00a0 &#8211; Did\u00e1ctica de las Ciencias Naturales II<\/p>\n<p>-Did\u00e1ctica de las Ciencias Sociales II<\/p>\n<p>-Lenguaje corporal y pl\u00e1stica visual<\/td>\n<td width=\"165\">-Pr\u00e1ctica III: Programaci\u00f3n y evaluaci\u00f3n de los aprendizajes.<\/p>\n<p>-Todas las unidades de 1\u00b0 y 2\u00b0 a\u00f1o.<\/p>\n<p>-Did\u00e1ctica de la Lengua y la Literatura II<\/p>\n<p>-Did\u00e1ctica de la Matem\u00e1tica II<\/td>\n<td width=\"153\"><\/td>\n<\/tr>\n<\/tbody>\n<\/table>\n","protected":false},"excerpt":{"rendered":"<p>PROFESORADO DE EDUCACI\u00d3N PRIMARIA R\u00c9GIMEN DE CORRELATIVIDADES A\u00d1O UNIDADES CURRICULARES PARA CURSAR PARA RENDIR \u00a0\u00a0\u00a0 REGULARIZADA \u00a0\u00a0 APROBADA APROBADA 1\u00ba 1.Taller: Lectura y escritura acad\u00e9mica 2. Filosof\u00eda 3. Pedagog\u00eda 4. Historia 5. Matem\u00e1tica 6. Lengua y Literatura 7. Ciencias Naturales 8. Geograf\u00eda 9. Pr\u00e1ctica I: Introducci\u00f3n a la realidad educativa de las instituciones y sus &#8230; <a title=\"Correlatividades Dise\u00f1o Curricular\" class=\"read-more\" href=\"https:\/\/ifdvinchina-lrj.infd.edu.ar\/sitio\/correlatividades-diseno-curricular-2015\/\" aria-label=\"More on Correlatividades Dise\u00f1o Curricular\">[+]<\/a><\/p>\n","protected":false},"author":887,"featured_media":0,"parent":0,"menu_order":0,"comment_status":"closed","ping_status":"closed","template":"","meta":[],"acf":[],"_links":{"self":[{"href":"https:\/\/ifdvinchina-lrj.infd.edu.ar\/sitio\/wp-json\/wp\/v2\/pages\/789"}],"collection":[{"href":"https:\/\/ifdvinchina-lrj.infd.edu.ar\/sitio\/wp-json\/wp\/v2\/pages"}],"about":[{"href":"https:\/\/ifdvinchina-lrj.infd.edu.ar\/sitio\/wp-json\/wp\/v2\/types\/page"}],"author":[{"embeddable":true,"href":"https:\/\/ifdvinchina-lrj.infd.edu.ar\/sitio\/wp-json\/wp\/v2\/users\/887"}],"replies":[{"embeddable":true,"href":"https:\/\/ifdvinchina-lrj.infd.edu.ar\/sitio\/wp-json\/wp\/v2\/comments?post=789"}],"version-history":[{"count":17,"href":"https:\/\/ifdvinchina-lrj.infd.edu.ar\/sitio\/wp-json\/wp\/v2\/pages\/789\/revisions"}],"predecessor-version":[{"id":1046,"href":"https:\/\/ifdvinchina-lrj.infd.edu.ar\/sitio\/wp-json\/wp\/v2\/pages\/789\/revisions\/1046"}],"wp:attachment":[{"href":"https:\/\/ifdvinchina-lrj.infd.edu.ar\/sitio\/wp-json\/wp\/v2\/media?parent=789"}],"curies":[{"name":"wp","href":"https:\/\/api.w.org\/{rel}","templated":true}]}}