{"id":783,"date":"2018-08-31T12:56:54","date_gmt":"2018-08-31T15:56:54","guid":{"rendered":"https:\/\/ifdvinchina-lrj.infd.edu.ar\/sitio\/libros-pdf\/"},"modified":"2020-10-13T22:56:19","modified_gmt":"2020-10-14T01:56:19","slug":"libros-pdf","status":"publish","type":"page","link":"https:\/\/ifdvinchina-lrj.infd.edu.ar\/sitio\/libros-pdf\/","title":{"rendered":"Libros PDF"},"content":{"rendered":"<h3 style=\"text-align: center;\"><em><strong>Del 2020<\/strong><\/em><\/h3>\n<p><a href=\"https:\/\/drive.google.com\/file\/d\/1bmhhmMkKmAxgVRksJ5KqBuHpbcfGNg8W\/view?usp=sharing\">Hablemos de tic 5 practicas de la lectura y escritura \u00a0&#8211; Denise Hernandez y Hernandez<\/a><\/p>\n<hr \/>\n<p><a href=\"https:\/\/drive.google.com\/file\/d\/1G4snYjPGqp2uiJSj3PNg5zCW1KaHddkb\/view?usp=sharing\">Mafalda :Historia social y pol\u00edtica &#8211; Isabella\u00a0 Cosse<\/a><\/p>\n<hr \/>\n<p><span style=\"color: #0000ff;\"><a style=\"color: #0000ff;\" href=\"https:\/\/drive.google.com\/file\/d\/1EcXDVvnQZObIc1Z2X8rupf0VEh-aGg6d\/view?usp=sharing\">La formaci\u00f3n en la practica docente &#8211; Maria Cristina Davini\u00a0<\/a><\/span><\/p>\n<hr \/>\n<p><span style=\"color: #0000ff;\"><a style=\"color: #0000ff;\" href=\"https:\/\/ifdvinchina-lrj.infd.edu.ar\/sitio\/wp-content\/uploads\/2020\/09\/evaluacion-de-los-alumnos-PHilips.pdf\">Evaluaci\u00f3n de los alumnos &#8211; Philips<\/a><\/span><\/p>\n<hr \/>\n<p><span style=\"color: #0000ff;\"><a style=\"color: #0000ff;\" href=\"https:\/\/ifdvinchina-lrj.infd.edu.ar\/sitio\/wp-content\/uploads\/2020\/09\/adios-sarmiento.pdf\">ADI\u00d3S, SARMIENTO. EDUCACI\u00d3N P\u00daBLICA,IGLESIA Y MERCADO<\/a>\u00a0&#8211;\u00a0Por Adriana Puiggr\u00f3s<\/span><\/p>\n<hr \/>\n<p><span style=\"color: #0000ff;\"><a style=\"color: #0000ff;\" href=\"https:\/\/drive.google.com\/file\/d\/1hD36R8Mfao0G0Yh9pXcCJhUTdiEH2yxW\/view?usp=sharing\">Estrategias de Ense\u00f1anza &#8211; Rebeca Anijovich y Silvia Mora<\/a><\/span><\/p>\n<hr \/>\n<p><a href=\"https:\/\/ifdvinchina-lrj.infd.edu.ar\/sitio\/wp-content\/uploads\/2020\/09\/GSTN_Flores_Unidad_5.pdf\">Curso de Capacitaci\u00f3n y Actualizaci\u00f3n para Planificadores de la Educaci\u00f3n\u00a0 &#8211; V\u00edctor Flores<\/a><\/p>\n<hr \/>\n<p><span style=\"color: #0000ff;\"><a style=\"color: #0000ff;\" href=\"https:\/\/ifdvinchina-lrj.infd.edu.ar\/sitio\/wp-content\/uploads\/2020\/09\/PI_Matus_Unidad_31.pdf\">PLANIFICACI\u00d3N LIBERTAD Y CONFLICTO &#8211;\u00a0V\u00edctor Flores<\/a><\/span><\/p>\n","protected":false},"excerpt":{"rendered":"<p>Del 2020 Hablemos de tic 5 practicas de la lectura y escritura \u00a0&#8211; Denise Hernandez y Hernandez Mafalda :Historia social y pol\u00edtica &#8211; Isabella\u00a0 Cosse La formaci\u00f3n en la practica docente &#8211; Maria Cristina Davini\u00a0 Evaluaci\u00f3n de los alumnos &#8211; Philips ADI\u00d3S, SARMIENTO. EDUCACI\u00d3N P\u00daBLICA,IGLESIA Y MERCADO\u00a0&#8211;\u00a0Por Adriana Puiggr\u00f3s Estrategias de Ense\u00f1anza &#8211; Rebeca Anijovich &#8230; <a title=\"Libros PDF\" class=\"read-more\" href=\"https:\/\/ifdvinchina-lrj.infd.edu.ar\/sitio\/libros-pdf\/\" aria-label=\"More on Libros PDF\">[+]<\/a><\/p>\n","protected":false},"author":887,"featured_media":0,"parent":0,"menu_order":0,"comment_status":"closed","ping_status":"closed","template":"","meta":[],"acf":[],"_links":{"self":[{"href":"https:\/\/ifdvinchina-lrj.infd.edu.ar\/sitio\/wp-json\/wp\/v2\/pages\/783"}],"collection":[{"href":"https:\/\/ifdvinchina-lrj.infd.edu.ar\/sitio\/wp-json\/wp\/v2\/pages"}],"about":[{"href":"https:\/\/ifdvinchina-lrj.infd.edu.ar\/sitio\/wp-json\/wp\/v2\/types\/page"}],"author":[{"embeddable":true,"href":"https:\/\/ifdvinchina-lrj.infd.edu.ar\/sitio\/wp-json\/wp\/v2\/users\/887"}],"replies":[{"embeddable":true,"href":"https:\/\/ifdvinchina-lrj.infd.edu.ar\/sitio\/wp-json\/wp\/v2\/comments?post=783"}],"version-history":[{"count":19,"href":"https:\/\/ifdvinchina-lrj.infd.edu.ar\/sitio\/wp-json\/wp\/v2\/pages\/783\/revisions"}],"predecessor-version":[{"id":1308,"href":"https:\/\/ifdvinchina-lrj.infd.edu.ar\/sitio\/wp-json\/wp\/v2\/pages\/783\/revisions\/1308"}],"wp:attachment":[{"href":"https:\/\/ifdvinchina-lrj.infd.edu.ar\/sitio\/wp-json\/wp\/v2\/media?parent=783"}],"curies":[{"name":"wp","href":"https:\/\/api.w.org\/{rel}","templated":true}]}}