{"id":759,"date":"2018-08-31T12:56:45","date_gmt":"2018-08-31T15:56:45","guid":{"rendered":"https:\/\/ifdvinchina-lrj.infd.edu.ar\/sitio\/docentes\/"},"modified":"2020-08-19T21:45:31","modified_gmt":"2020-08-20T00:45:31","slug":"docentes","status":"publish","type":"page","link":"https:\/\/ifdvinchina-lrj.infd.edu.ar\/sitio\/docentes\/","title":{"rendered":"Docentes y Unidades Curriculares"},"content":{"rendered":"<p style=\"text-align: center;\"><span style=\"color: #cc6600; font-family: Arial; font-size: medium;\"><strong>\u00a0Ciclo Lectivo 2.020<\/strong><\/span><\/p>\n<table style=\"border: 1px solid #5090b0; width: 90%;\" border=\"1\" cellspacing=\"0\" cellpadding=\"0\" align=\"center\">\n<tbody>\n<tr align=\"center\" valign=\"middle\">\n<td style=\"width: 45%; height: 20px; background-color: #ddeaf0; border: #5090b0 1px solid;\" align=\"center\" valign=\"middle\"><span style=\"font-size: small;\"><span style=\"font-family: verdana, geneva;\"><span style=\"color: #3e748e;\"><strong>Unidad Curricular (Materia, Taller o Semirario)<\/strong><\/span><\/span><\/span><\/td>\n<td style=\"width: 45%; height: 20px; background-color: #ddeaf0; border: #5090b0 1px solid;\" align=\"center\" valign=\"middle\"><span style=\"font-size: small;\"><span style=\"color: #3e748e; font-family: verdana, geneva;\"><strong>Docente\u00a0<\/strong><\/span><\/span><\/td>\n<\/tr>\n<tr align=\"center\" valign=\"middle\">\n<td style=\"width: 45%; height: 20px; border: #5090b0 1px solid;\" align=\"center\" valign=\"middle\"><span style=\"font-family: 'comic sans ms', sans-serif; font-size: 14pt;\">Taller de Lectura y Escritura Acad\u00e9mica<\/span><\/td>\n<td style=\"width: 45%; height: 20px; border: #5090b0 1px solid;\" align=\"center\" valign=\"middle\"><span style=\"font-family: 'comic sans ms', sans-serif; font-size: 14pt;\">Prof. Porras, Natalia\u00a0<\/span><\/td>\n<\/tr>\n<tr>\n<td style=\"width: 45%; height: 20px; border: #5090b0 1px solid;\" align=\"center\" valign=\"middle\"><span style=\"font-family: 'comic sans ms', sans-serif; font-size: 14pt;\">Pedagog\u00eda\u00a0<\/span><\/td>\n<td style=\"width: 45%; height: 20px; border: #5090b0 1px solid;\" align=\"center\" valign=\"middle\"><span style=\"font-family: 'comic sans ms', sans-serif; font-size: 14pt;\">Lic. Barbuyani, Iv\u00e1n<\/span><\/td>\n<\/tr>\n<tr>\n<td style=\"width: 45%; height: 20px; border: #5090b0 1px solid;\" align=\"center\" valign=\"middle\"><span style=\"font-family: 'comic sans ms', sans-serif; font-size: 14pt;\">\u00a0Did\u00e1ctica General<\/span><\/td>\n<td style=\"width: 45%; height: 20px; border: #5090b0 1px solid;\" align=\"center\" valign=\"middle\"><span style=\"font-family: 'comic sans ms', sans-serif; font-size: 14pt;\">Lic. Barbuyani, Iv\u00e1n<\/span><\/td>\n<\/tr>\n<tr>\n<td style=\"width: 45%; height: 20px; border: #5090b0 1px solid;\" align=\"center\" valign=\"middle\"><span style=\"font-family: 'comic sans ms', sans-serif; font-size: 14pt;\">\u00a0Psicolog\u00eda Educacional<\/span><\/td>\n<td style=\"width: 45%; height: 20px; border: #5090b0 1px solid;\" align=\"center\" valign=\"middle\"><span style=\"font-family: 'comic sans ms', sans-serif; font-size: 14pt;\">Lic. Barbuyani, Iv\u00e1n\u00a0<\/span><\/td>\n<\/tr>\n<tr>\n<td style=\"width: 45%; height: 20px; border: #5090b0 1px solid;\" align=\"center\" valign=\"middle\"><span style=\"font-family: 'comic sans ms', sans-serif; font-size: 14pt;\">\u00a0Practica I<\/span><\/td>\n<td style=\"width: 45%; height: 20px; border: #5090b0 1px solid;\" align=\"center\" valign=\"middle\"><span style=\"font-family: 'comic sans ms', sans-serif; font-size: 14pt;\">Lic. Peralta Erika<\/span><\/td>\n<\/tr>\n<tr>\n<td style=\"width: 45%; height: 20px; border: #5090b0 1px solid;\" align=\"center\" valign=\"middle\"><span style=\"font-family: 'comic sans ms', sans-serif; font-size: 14pt;\">\u00a0Matem\u00e1tica<\/span><\/td>\n<td style=\"width: 45%; height: 20px; border: #5090b0 1px solid;\" align=\"center\" valign=\"middle\"><span style=\"font-family: 'comic sans ms', sans-serif; font-size: 14pt;\">Prof. Luna, Cesar\u00a0<\/span><\/td>\n<\/tr>\n<tr>\n<td style=\"width: 45%; height: 20px; border: #5090b0 1px solid;\" align=\"center\" valign=\"middle\"><span style=\"font-family: 'comic sans ms', sans-serif; font-size: 14pt;\">\u00a0Lengua y Literatura<\/span><\/td>\n<td style=\"width: 45%; height: 20px; border: #5090b0 1px solid;\" align=\"center\" valign=\"middle\"><span style=\"font-family: 'comic sans ms', sans-serif; font-size: 14pt;\">Prof. Porras Sole\u00e9, Elizabeth\u00a0<\/span><\/td>\n<\/tr>\n<tr>\n<td style=\"width: 45%; height: 20px; border: #5090b0 1px solid;\" align=\"center\" valign=\"middle\"><span style=\"font-family: 'comic sans ms', sans-serif; font-size: 14pt;\">Historia\u00a0<\/span><\/td>\n<td style=\"width: 45%; height: 20px; border: #5090b0 1px solid;\" align=\"center\" valign=\"middle\"><span style=\"font-family: 'comic sans ms', sans-serif; font-size: 14pt;\">Prof. Arancibia, Jos\u00e9\u00a0<\/span><\/td>\n<\/tr>\n<tr>\n<td style=\"width: 45%; height: 20px; border: #5090b0 1px solid;\" align=\"center\" valign=\"middle\"><span style=\"font-family: 'comic sans ms', sans-serif; font-size: 14pt;\">\u00a0Ciencias Naturales<\/span><\/td>\n<td style=\"width: 45%; height: 20px; border: #5090b0 1px solid;\" align=\"center\" valign=\"middle\"><span style=\"font-family: 'comic sans ms', sans-serif; font-size: 14pt;\">Lic. Rojo, Patricia\u00a0<\/span><\/td>\n<\/tr>\n<tr>\n<td style=\"width: 45%; height: 20px; border: #5090b0 1px solid;\" align=\"center\" valign=\"middle\"><span style=\"font-family: 'comic sans ms', sans-serif; font-size: 14pt;\">\u00a0Historia y Pol\u00edtica de la Educaci\u00f3n Argentina<\/span><\/td>\n<td style=\"width: 45%; height: 20px; border: #5090b0 1px solid;\" align=\"center\" valign=\"middle\"><span style=\"font-family: 'comic sans ms', sans-serif; font-size: 14pt;\">Lic. Barbuyani, Iv\u00e1n\u00a0<\/span><\/td>\n<\/tr>\n<tr>\n<td style=\"width: 45%; height: 20px; border: #5090b0 1px solid;\" align=\"center\" valign=\"middle\"><span style=\"font-family: 'comic sans ms', sans-serif; font-size: 14pt;\">Sociolog\u00eda de la Educaci\u00f3n\u00a0<\/span><\/td>\n<td style=\"width: 45%; height: 20px; border: #5090b0 1px solid;\" align=\"center\" valign=\"middle\"><span style=\"font-family: 'comic sans ms', sans-serif; font-size: 14pt;\">Lic. Barbuyani, Iv\u00e1n\u00a0<\/span><\/td>\n<\/tr>\n<tr>\n<td style=\"width: 45%; height: 20px; border: #5090b0 1px solid;\" align=\"center\" valign=\"middle\"><span style=\"font-family: 'comic sans ms', sans-serif; font-size: 14pt;\">Practica II\u00a0<\/span><\/td>\n<td style=\"width: 45%; height: 20px; border: #5090b0 1px solid;\" align=\"center\" valign=\"middle\"><span style=\"font-family: 'comic sans ms', sans-serif; font-size: 14pt;\">Lic. Barbuyani, Iv\u00e1n\u00a0<\/span><\/td>\n<\/tr>\n<tr>\n<td style=\"width: 45%; height: 20px; border: #5090b0 1px solid;\" align=\"center\" valign=\"middle\"><span style=\"font-family: 'comic sans ms', sans-serif; font-size: 14pt;\">\u00a0Sujeto de la Educaci\u00f3n Primaria<\/span><\/td>\n<td style=\"width: 45%; height: 20px; border: #5090b0 1px solid;\" align=\"center\" valign=\"middle\"><span style=\"font-family: 'comic sans ms', sans-serif; font-size: 14pt;\">Lic. Barbuyani, Iv\u00e1n\u00a0<\/span><\/td>\n<\/tr>\n<tr>\n<td style=\"width: 45%; height: 20px; border: #5090b0 1px solid;\" align=\"center\" valign=\"middle\"><span style=\"font-family: 'comic sans ms', sans-serif; font-size: 14pt;\">Problem\u00e1tica Contempor\u00e1nea de la Educaci\u00f3n Primaria<\/span><\/td>\n<td style=\"width: 45%; height: 20px; border: #5090b0 1px solid;\" align=\"center\" valign=\"middle\"><span style=\"font-family: 'comic sans ms', sans-serif; font-size: 14pt;\">Lic. Peralta, Erika\u00a0<\/span><\/td>\n<\/tr>\n<tr>\n<td style=\"width: 45%; height: 20px; border: #5090b0 1px solid;\" align=\"center\" valign=\"middle\"><span style=\"font-family: 'comic sans ms', sans-serif; font-size: 14pt;\">\u00a0Geograf\u00eda<\/span><\/td>\n<td style=\"width: 45%; height: 20px; border: #5090b0 1px solid;\" align=\"center\" valign=\"middle\"><span style=\"font-family: 'comic sans ms', sans-serif; font-size: 14pt;\">Prof. Arancibia, Ram\u00f3n\u00a0<\/span><\/td>\n<\/tr>\n<tr>\n<td style=\"width: 45%; height: 20px; border: #5090b0 1px solid;\" align=\"center\" valign=\"middle\"><span style=\"font-family: 'comic sans ms', sans-serif; font-size: 14pt;\">\u00a0Did\u00e1ctica de la Matem\u00e1tica I<\/span><\/td>\n<td style=\"width: 45%; height: 20px; border: #5090b0 1px solid;\" align=\"center\" valign=\"middle\"><span style=\"font-family: 'comic sans ms', sans-serif; font-size: 14pt;\">Prof. Luna, Cesar\u00a0<\/span><\/td>\n<\/tr>\n<tr>\n<td style=\"width: 45%; height: 20px; border: #5090b0 1px solid;\" align=\"center\" valign=\"middle\"><span style=\"font-family: 'comic sans ms', sans-serif; font-size: 14pt;\">\u00a0Did\u00e1ctica de la Lengua y Literatura I<\/span><\/td>\n<td style=\"width: 45%; height: 20px; border: #5090b0 1px solid;\" align=\"center\" valign=\"middle\"><span style=\"font-family: 'comic sans ms', sans-serif; font-size: 14pt;\">Prof.Porras Sole\u00e9, Elizabeth\u00a0\u00a0<\/span><\/td>\n<\/tr>\n<tr>\n<td style=\"width: 45%; height: 20px; border: #5090b0 1px solid;\" align=\"center\" valign=\"middle\"><span style=\"font-family: 'comic sans ms', sans-serif; font-size: 14pt;\">\u00a0Did\u00e1ctica de las Ciencias Sociales I\u00a0<\/span><\/td>\n<td style=\"width: 45%; height: 20px; border: #5090b0 1px solid;\" align=\"center\" valign=\"middle\"><span style=\"font-family: 'comic sans ms', sans-serif; font-size: 14pt;\">Prof. Arancibia, Ram\u00f3n<\/span><\/td>\n<\/tr>\n<tr>\n<td style=\"width: 45%; height: 20px; border: #5090b0 1px solid;\" align=\"center\" valign=\"middle\"><span style=\"font-family: 'comic sans ms', sans-serif; font-size: 14pt;\">Did\u00e1ctica de la Ciencias Naturales<\/span><\/td>\n<td style=\"width: 45%; height: 20px; border: #5090b0 1px solid;\" align=\"center\" valign=\"middle\"><span style=\"font-family: 'comic sans ms', sans-serif; font-size: 14pt;\">Dra. Silva Alejandra <\/span><\/td>\n<\/tr>\n<tr>\n<td style=\"width: 45%; height: 20px; border: #5090b0 1px solid;\" align=\"center\" valign=\"middle\"><span style=\"font-family: 'comic sans ms', sans-serif; font-size: 14pt;\">Filosof\u00eda<\/span><\/td>\n<td style=\"width: 45%; height: 20px; border: #5090b0 1px solid;\" align=\"center\" valign=\"middle\"><span style=\"font-family: 'comic sans ms', sans-serif; font-size: 14pt;\">Lic. Barbuyani, Iv\u00e1n\u00a0<\/span><\/td>\n<\/tr>\n<tr>\n<td style=\"width: 45%; height: 20px; border: #5090b0 1px solid;\" align=\"center\" valign=\"middle\"><span style=\"font-family: 'comic sans ms', sans-serif; font-size: 14pt;\">Tecnolog\u00edas de la Informaci\u00f3n y la Comunicaci\u00f3n<\/span><\/td>\n<td style=\"width: 45%; height: 20px; border: #5090b0 1px solid;\" align=\"center\" valign=\"middle\"><span style=\"font-family: 'comic sans ms', sans-serif; font-size: 14pt;\">Prof. Gait\u00e1n, Gabriel\u00a0<\/span><\/td>\n<\/tr>\n<tr>\n<td style=\"width: 45%; height: 20px; border: #5090b0 1px solid;\" align=\"center\" valign=\"middle\"><span style=\"font-family: 'comic sans ms', sans-serif; font-size: 14pt;\">Seminario: Investigaci\u00f3n Educativa\u00a0<\/span><\/td>\n<td style=\"width: 45%; height: 20px; border: #5090b0 1px solid;\" align=\"center\" valign=\"middle\"><span style=\"font-family: 'comic sans ms', sans-serif; font-size: 14pt;\">Lic. Peralta, Erika\u00a0<\/span><\/td>\n<\/tr>\n<tr>\n<td style=\"width: 45%; height: 20px; border: #5090b0 1px solid;\" align=\"center\" valign=\"middle\"><span style=\"font-family: 'comic sans ms', sans-serif; font-size: 14pt;\">Pr\u00e1cticas de Ense\u00f1anza<\/span><\/td>\n<td style=\"width: 45%; height: 20px; border: #5090b0 1px solid;\" align=\"center\" valign=\"middle\"><span style=\"font-family: 'comic sans ms', sans-serif; font-size: 14pt;\">Lic. Carpio, Nora\u00a0<\/span><\/td>\n<\/tr>\n<tr>\n<td style=\"width: 45%; height: 20px; border: #5090b0 1px solid;\" align=\"center\" valign=\"middle\"><span style=\"font-family: 'comic sans ms', sans-serif; font-size: 14pt;\">Alfabetizaci\u00f3n Inicial\u00a0<\/span><\/td>\n<td style=\"width: 45%; height: 20px; border: #5090b0 1px solid;\" align=\"center\" valign=\"middle\"><span style=\"font-family: 'comic sans ms', sans-serif; font-size: 14pt;\">Prof. Alvarez, In\u00e9s<\/span><\/td>\n<\/tr>\n<tr>\n<td style=\"width: 45%; height: 20px; border: #5090b0 1px solid;\" align=\"center\" valign=\"middle\"><span style=\"font-family: 'comic sans ms', sans-serif; font-size: 14pt;\">\u00a0 Did\u00e1ctica de las Ciencias Naturales I<em>I<\/em><\/span><\/td>\n<td style=\"width: 45%; height: 20px; border: #5090b0 1px solid;\" align=\"center\" valign=\"middle\"><span style=\"font-family: 'comic sans ms', sans-serif; font-size: 14pt;\">Lic. Rojo, Patricia\u00a0<\/span><\/td>\n<\/tr>\n<tr>\n<td style=\"width: 45%; height: 20px; border: #5090b0 1px solid;\" align=\"center\" valign=\"middle\"><span style=\"font-family: 'comic sans ms', sans-serif; font-size: 14pt;\">Lenguaje Corporal y Pl\u00e1stica Visual\u00a0<\/span><\/td>\n<td style=\"width: 45%; height: 20px; border: #5090b0 1px solid;\" align=\"center\" valign=\"middle\"><span style=\"font-family: 'comic sans ms', sans-serif; font-size: 14pt;\">Prof. Cruz, Daniel<\/span><\/td>\n<\/tr>\n<tr>\n<td style=\"width: 45%; height: 20px; border: #5090b0 1px solid;\" align=\"center\" valign=\"middle\"><span style=\"font-family: 'comic sans ms', sans-serif; font-size: 14pt;\">\u00a0Did\u00e1ctica de las Ciencias Sociales II<\/span><\/td>\n<td style=\"width: 45%; height: 20px; border: #5090b0 1px solid;\" align=\"center\" valign=\"middle\"><span style=\"font-family: 'comic sans ms', sans-serif; font-size: 14pt;\">Prof. Arancibia Jos\u00e9\u00a0<\/span><\/td>\n<\/tr>\n<tr>\n<td style=\"width: 45%; height: 20px; border: #5090b0 1px solid;\" align=\"center\" valign=\"middle\"><span style=\"font-family: 'comic sans ms', sans-serif; font-size: 14pt;\">Lenguaje Musical<\/span><\/td>\n<td style=\"width: 45%; height: 20px; border: #5090b0 1px solid;\" align=\"center\" valign=\"middle\"><span style=\"font-family: 'comic sans ms', sans-serif; font-size: 14pt;\">Prof. Oviedo Nelson<\/span><\/td>\n<\/tr>\n<tr>\n<td style=\"width: 45%; height: 20px; border: #5090b0 1px solid;\" align=\"center\" valign=\"middle\"><span style=\"font-family: 'comic sans ms', sans-serif; font-size: 14pt;\">Educaci\u00f3n F\u00edsica<\/span><\/td>\n<td style=\"width: 45%; height: 20px; border: #5090b0 1px solid;\" align=\"center\" valign=\"middle\"><span style=\"font-family: 'comic sans ms', sans-serif; font-size: 14pt;\">Prof. Quiroga Kholer Juan\u00a0<\/span><\/td>\n<\/tr>\n<tr>\n<td style=\"width: 45%; height: 20px; border: #5090b0 1px solid;\" align=\"center\" valign=\"middle\"><span style=\"font-family: 'comic sans ms', sans-serif; font-size: 14pt;\">Did\u00e1ctica dela Matem\u00e1tica II<\/span><\/td>\n<td style=\"width: 45%; height: 20px; border: #5090b0 1px solid;\" align=\"center\" valign=\"middle\"><span style=\"font-family: 'comic sans ms', sans-serif; font-size: 14pt;\">Prof. Luna, Cesar<\/span><\/td>\n<\/tr>\n<tr>\n<td style=\"width: 45%; height: 20px; border: #5090b0 1px solid;\" align=\"center\" valign=\"middle\"><span style=\"font-family: 'comic sans ms', sans-serif; font-size: 14pt;\">Did\u00e1ctica de Lengua y Literatura II<\/span><\/td>\n<td style=\"width: 45%; height: 20px; border: #5090b0 1px solid;\" align=\"center\" valign=\"middle\"><span style=\"font-family: 'comic sans ms', sans-serif; font-size: 14pt;\">Prof. Alvarez, In\u00e9s<\/span><\/td>\n<\/tr>\n<tr>\n<td style=\"width: 45%; height: 20px; border: #5090b0 1px solid;\" align=\"center\" valign=\"middle\"><span style=\"font-family: 'comic sans ms', sans-serif; font-size: 14pt;\">\u00c9tica y Deontolog\u00eda Profesional<\/span><\/td>\n<td style=\"width: 45%; height: 20px; border: #5090b0 1px solid;\" align=\"center\" valign=\"middle\"><span style=\"font-family: 'comic sans ms', sans-serif; font-size: 14pt;\">Prof. Olivera Nicol\u00e1s\u00a0<\/span><\/td>\n<\/tr>\n<tr>\n<td style=\"width: 45%; height: 20px; border: #5090b0 1px solid;\" align=\"center\" valign=\"middle\"><span style=\"font-family: 'comic sans ms', sans-serif; font-size: 14pt;\">E.S.I.<\/span><\/td>\n<td style=\"width: 45%; height: 20px; border: #5090b0 1px solid;\" align=\"center\" valign=\"middle\"><span style=\"font-family: 'comic sans ms', sans-serif; font-size: 14pt;\">Dra. Silva, Alejandra<\/span><\/td>\n<\/tr>\n<tr>\n<td style=\"width: 45%; height: 20px; border: #5090b0 1px solid;\" align=\"center\" valign=\"middle\"><span style=\"font-family: 'comic sans ms', sans-serif; font-size: 14pt;\">Residencia Pedag\u00f3gica: Ateneos<\/span><\/td>\n<td style=\"width: 45%; height: 20px; border: #5090b0 1px solid;\" align=\"center\" valign=\"middle\"><span style=\"font-family: 'comic sans ms', sans-serif; font-size: 14pt;\">Prof. Leguizamon, Daniel<\/span><\/td>\n<\/tr>\n<tr>\n<td style=\"width: 45%; height: 20px; border: #5090b0 1px solid;\" align=\"center\" valign=\"middle\"><span style=\"font-family: 'comic sans ms', sans-serif; font-size: 14pt;\">Taller: Definici\u00f3n Institucional<\/span><\/td>\n<td style=\"width: 45%; height: 20px; border: #5090b0 1px solid;\" align=\"center\" valign=\"middle\"><span style=\"font-family: 'comic sans ms', sans-serif; font-size: 14pt;\">Prof.Porras Sole\u00e9, Elizabeth<\/span><\/td>\n<\/tr>\n<tr>\n<td style=\"width: 45%; height: 20px; border: #5090b0 1px solid;\" align=\"center\" valign=\"middle\"><span style=\"font-family: 'comic sans ms', sans-serif; font-size: 14pt;\">Seminario Opcional <\/span><span style=\"font-family: 'comic sans ms', sans-serif; font-size: 14pt;\">(Atenci\u00f3n a la diversidad)\u00a0<\/span><\/td>\n<td style=\"width: 45%; height: 20px; border: #5090b0 1px solid;\" align=\"center\" valign=\"middle\"><span style=\"font-family: 'comic sans ms', sans-serif; font-size: 14pt;\">Prof. Cabrera, Claudia.\u00a0<\/span><\/td>\n<\/tr>\n<\/tbody>\n<\/table>\n<p>&nbsp;<\/p>\n","protected":false},"excerpt":{"rendered":"<p>\u00a0Ciclo Lectivo 2.020 Unidad Curricular (Materia, Taller o Semirario) Docente\u00a0 Taller de Lectura y Escritura Acad\u00e9mica Prof. Porras, Natalia\u00a0 Pedagog\u00eda\u00a0 Lic. Barbuyani, Iv\u00e1n \u00a0Did\u00e1ctica General Lic. Barbuyani, Iv\u00e1n \u00a0Psicolog\u00eda Educacional Lic. Barbuyani, Iv\u00e1n\u00a0 \u00a0Practica I Lic. Peralta Erika \u00a0Matem\u00e1tica Prof. Luna, Cesar\u00a0 \u00a0Lengua y Literatura Prof. Porras Sole\u00e9, Elizabeth\u00a0 Historia\u00a0 Prof. Arancibia, Jos\u00e9\u00a0 \u00a0Ciencias Naturales &#8230; <a title=\"Docentes y Unidades Curriculares\" class=\"read-more\" href=\"https:\/\/ifdvinchina-lrj.infd.edu.ar\/sitio\/docentes\/\" aria-label=\"More on Docentes y Unidades Curriculares\">[+]<\/a><\/p>\n","protected":false},"author":887,"featured_media":0,"parent":0,"menu_order":0,"comment_status":"closed","ping_status":"closed","template":"","meta":[],"acf":[],"_links":{"self":[{"href":"https:\/\/ifdvinchina-lrj.infd.edu.ar\/sitio\/wp-json\/wp\/v2\/pages\/759"}],"collection":[{"href":"https:\/\/ifdvinchina-lrj.infd.edu.ar\/sitio\/wp-json\/wp\/v2\/pages"}],"about":[{"href":"https:\/\/ifdvinchina-lrj.infd.edu.ar\/sitio\/wp-json\/wp\/v2\/types\/page"}],"author":[{"embeddable":true,"href":"https:\/\/ifdvinchina-lrj.infd.edu.ar\/sitio\/wp-json\/wp\/v2\/users\/887"}],"replies":[{"embeddable":true,"href":"https:\/\/ifdvinchina-lrj.infd.edu.ar\/sitio\/wp-json\/wp\/v2\/comments?post=759"}],"version-history":[{"count":3,"href":"https:\/\/ifdvinchina-lrj.infd.edu.ar\/sitio\/wp-json\/wp\/v2\/pages\/759\/revisions"}],"predecessor-version":[{"id":941,"href":"https:\/\/ifdvinchina-lrj.infd.edu.ar\/sitio\/wp-json\/wp\/v2\/pages\/759\/revisions\/941"}],"wp:attachment":[{"href":"https:\/\/ifdvinchina-lrj.infd.edu.ar\/sitio\/wp-json\/wp\/v2\/media?parent=759"}],"curies":[{"name":"wp","href":"https:\/\/api.w.org\/{rel}","templated":true}]}}