{"id":757,"date":"2018-08-31T12:56:44","date_gmt":"2018-08-31T15:56:44","guid":{"rendered":"https:\/\/ifdvinchina-lrj.infd.edu.ar\/sitio\/datos-institucionales\/"},"modified":"2022-03-11T20:33:35","modified_gmt":"2022-03-11T23:33:35","slug":"datos-institucionales","status":"publish","type":"page","link":"https:\/\/ifdvinchina-lrj.infd.edu.ar\/sitio\/datos-institucionales\/","title":{"rendered":"Datos Institucionales"},"content":{"rendered":"<h3 style=\"text-align: center;\"><span style=\"color: #3366ff;\"><strong><span style=\"font-family: 'trebuchet ms', geneva; font-size: 14pt;\">I.S.F.D. y T.P. Vinchina<\/span><\/strong><\/span><\/h3>\n<p><span style=\"font-family: 'trebuchet ms', geneva; font-size: 14pt;\"><strong>Horarios: <\/strong>De&nbsp;17:30 a 21:30 horas<\/span><\/p>\n<p><span style=\"font-family: 'trebuchet ms', geneva; font-size: 14pt;\"><strong>Direcci\u00f3n:<\/strong> Calle el Alto S\/N <\/span><\/p>\n<p><span style=\"font-family: 'trebuchet ms', geneva; font-size: 14pt;\"><strong>Localidad<\/strong>: Villa San Jos\u00e9 de Vinchina<\/span><\/p>\n<p><span style=\"font-family: 'trebuchet ms', geneva; font-size: 14pt;\"><strong>Departamento:<\/strong> Vinchina<\/span><\/p>\n<p><span style=\"font-family: 'trebuchet ms', geneva; font-size: 14pt;\">Provincia:&nbsp;La Rioja<\/span><\/p>\n<p><span style=\"font-family: 'trebuchet ms', geneva; font-size: 14pt;\">Tel\u00e9fonos:&nbsp;<\/span><\/p>\n<p><span style=\"font-family: 'trebuchet ms', geneva; font-size: 14pt;\">C\u00f3digo Postal: 5357<\/span><\/p>\n<p><span style=\"font-family: 'trebuchet ms', geneva; font-size: 14pt;\">E-mail de consultas:<a title=\"isfdvinchina@yahoo.com.ar\" href=\"https:\/\/espanol.yahoo.com\/\"> <span style=\"color: #ff6600;\">isfdvinchina@yahoo.com.ar<\/span><\/a><\/span><\/p>\n<p><span style=\"font-family: 'trebuchet ms', geneva; font-size: 14pt;\">Sitio Web: <\/span><a href=\"https:\/\/ifdvinchina-lrj.infd.edu.ar\/sitio\/\">https:\/\/ifdvinchina-lrj.infd.edu.ar\/sitio\/<\/a><\/p>\n<p>&nbsp;<\/p>\n","protected":false},"excerpt":{"rendered":"<p>I.S.F.D. y T.P. Vinchina Horarios: De&nbsp;17:30 a 21:30 horas Direcci\u00f3n: Calle el Alto S\/N Localidad: Villa San Jos\u00e9 de Vinchina Departamento: Vinchina Provincia:&nbsp;La Rioja Tel\u00e9fonos:&nbsp; C\u00f3digo Postal: 5357 E-mail de consultas: isfdvinchina@yahoo.com.ar Sitio Web: https:\/\/ifdvinchina-lrj.infd.edu.ar\/sitio\/ &nbsp;<\/p>\n","protected":false},"author":887,"featured_media":0,"parent":0,"menu_order":0,"comment_status":"closed","ping_status":"closed","template":"","meta":[],"acf":[],"_links":{"self":[{"href":"https:\/\/ifdvinchina-lrj.infd.edu.ar\/sitio\/wp-json\/wp\/v2\/pages\/757"}],"collection":[{"href":"https:\/\/ifdvinchina-lrj.infd.edu.ar\/sitio\/wp-json\/wp\/v2\/pages"}],"about":[{"href":"https:\/\/ifdvinchina-lrj.infd.edu.ar\/sitio\/wp-json\/wp\/v2\/types\/page"}],"author":[{"embeddable":true,"href":"https:\/\/ifdvinchina-lrj.infd.edu.ar\/sitio\/wp-json\/wp\/v2\/users\/887"}],"replies":[{"embeddable":true,"href":"https:\/\/ifdvinchina-lrj.infd.edu.ar\/sitio\/wp-json\/wp\/v2\/comments?post=757"}],"version-history":[{"count":2,"href":"https:\/\/ifdvinchina-lrj.infd.edu.ar\/sitio\/wp-json\/wp\/v2\/pages\/757\/revisions"}],"predecessor-version":[{"id":1671,"href":"https:\/\/ifdvinchina-lrj.infd.edu.ar\/sitio\/wp-json\/wp\/v2\/pages\/757\/revisions\/1671"}],"wp:attachment":[{"href":"https:\/\/ifdvinchina-lrj.infd.edu.ar\/sitio\/wp-json\/wp\/v2\/media?parent=757"}],"curies":[{"name":"wp","href":"https:\/\/api.w.org\/{rel}","templated":true}]}}