{"id":750,"date":"2018-08-31T12:56:43","date_gmt":"2018-08-31T15:56:43","guid":{"rendered":"https:\/\/ifdvinchina-lrj.infd.edu.ar\/sitio\/resoluciones\/"},"modified":"2021-07-27T19:40:22","modified_gmt":"2021-07-27T22:40:22","slug":"resoluciones","status":"publish","type":"page","link":"https:\/\/ifdvinchina-lrj.infd.edu.ar\/sitio\/resoluciones\/","title":{"rendered":"Resoluciones \/ Disposiciones"},"content":{"rendered":"<h2>Ciclo Lectivo 2021<\/h2>\n<p><a href=\"https:\/\/ifdvinchina-lrj.infd.edu.ar\/sitio\/wp-content\/uploads\/2021\/07\/NOTA-DE-ACTUALIZACION-PROTOCOLO-COVID19-25-07-21.pdf\">NOTA DE ACTUALIZACION PROTOCOLO COVID19 25-07-21<\/a><\/p>\n<p><a href=\"https:\/\/ifdvinchina-lrj.infd.edu.ar\/sitio\/wp-content\/uploads\/2021\/07\/CURSOGRAMAS-DE-ACTUACION.pdf\">CURSOGRAMAS DE ACTUACI\u00d3N<\/a><\/p>\n<p><a href=\"https:\/\/ifdvinchina-lrj.infd.edu.ar\/sitio\/wp-content\/uploads\/2021\/06\/RSGE1904.pdf\">RSGE1904<\/a><\/p>\n<p><a href=\"https:\/\/ifdvinchina-lrj.infd.edu.ar\/sitio\/wp-content\/uploads\/2021\/06\/RSGE-0135-Eleccion-Equipos-de-Gestion.pdf\">RSGE 0135 Elecci\u00f3n Equipos de Gesti\u00f3n<\/a><\/p>\n<p><a href=\"https:\/\/ifdvinchina-lrj.infd.edu.ar\/sitio\/wp-content\/uploads\/2021\/06\/Reglamento-General-ISFD.pdf\">Reglamento General ISFD<\/a><\/p>\n<p><a href=\"https:\/\/ifdvinchina-lrj.infd.edu.ar\/sitio\/wp-content\/uploads\/2021\/06\/Disposici\u00f3n-DGES-N\u00ba-08-2021-Retorno-actividad-presencial-1.pdf\">Disposici\u00f3n DGES N\u00ba 08-2021 &#8211; Retorno actividad presencial<\/a><\/p>\n<p><a href=\"https:\/\/ifdvinchina-lrj.infd.edu.ar\/sitio\/wp-content\/uploads\/2021\/06\/Disposici\u00f3n-DGES-N\u00ba-07-2021-Mesa-de-examen-especial.pdf\">Disposici\u00f3n DGES N\u00ba 07-2021 &#8211; Mesa de examen especial<\/a><\/p>\n<p><a href=\"https:\/\/ifdvinchina-lrj.infd.edu.ar\/sitio\/wp-content\/uploads\/2021\/03\/PROTOCOLO-para-COVID-19-ciclo-2021.pdf\">PROTOCOLO para COVID 19-ciclo 2021<\/a> (Propuesta Institucional)<\/p>\n<p><a href=\"https:\/\/ifdvinchina-lrj.infd.edu.ar\/sitio\/wp-content\/uploads\/2021\/03\/Procedimiento-Licencia-Excepcional-COVID-19.pdf\">Procedimiento-Licencia-Excepcional-COVID-19<\/a><\/p>\n<p><a href=\"https:\/\/ifdvinchina-lrj.infd.edu.ar\/sitio\/wp-content\/uploads\/2021\/03\/Disposicion-DGES-N\u00ba-01-2021-Protocolo-DGES.pdf\">Disposici\u00f3n DGES N\u00ba 01-2021 Protocolo DGES<\/a><\/p>\n<hr \/>\n<h2>Ciclo Lectivo 2020<\/h2>\n<p><a href=\"https:\/\/drive.google.com\/file\/d\/11x3cWpbjg0QGO1EJ2AB9LwgsgGNmWEBr\/view?usp=sharing\">Res. 1672 &#8211; Modalidades &#8211; En contexto de COVID-19<\/a><\/p>\n<p><a href=\"https:\/\/drive.google.com\/file\/d\/15bqhM6OCKwJUy91fcBNe2BXTkf4QQ4Mf\/view?usp=sharing\">Res. 1677 &#8211; 3\u00b0 Etapa del Trayecto: Continuidad Pedag\u00f3gica &#8211; Periodo de Integraci\u00f3n\/Acreditaci\u00f3n de Saberes<\/a><\/p>\n<p><a href=\"https:\/\/drive.google.com\/file\/d\/12pawQjjma8F6X52N797kBh-Wjtvymjai\/view\">Res. M.E 1634\/2020 &#8211; Protocolo de Bioseguridad para la modalidad combinada, todos los niveles educ. &#8211; COVID -19<\/a><\/p>\n<p><a href=\"https:\/\/ifdvinchina-lrj.infd.edu.ar\/sitio\/wp-content\/uploads\/2020\/09\/RSGE-0135.pdf\">RSGE 0135<\/a><\/p>\n<p><a href=\"https:\/\/ifdvinchina-lrj.infd.edu.ar\/sitio\/wp-content\/uploads\/2020\/09\/REQUISITOS-PARA-CARGOS-DIRECTIVOS.pdf\">Requisitos para cargos directivos<\/a><\/p>\n<p><a href=\"https:\/\/ifdvinchina-lrj.infd.edu.ar\/sitio\/wp-content\/uploads\/2020\/09\/Matriz-relevamiento-ISFD.xlsx\">Matriz relevamiento ISFD<\/a><\/p>\n<p><a href=\"https:\/\/ifdvinchina-lrj.infd.edu.ar\/sitio\/wp-content\/uploads\/2020\/09\/Disposicion-DGES-N\u00ba-8-2020-maco-regulatorio-Prcaticas-de-Residencia.pdf\">Disposicion DGES N\u00ba 8 &#8211; 2020 maco regulatorio Practicas de Residencia<\/a><\/p>\n<p><a href=\"https:\/\/ifdvinchina-lrj.infd.edu.ar\/sitio\/wp-content\/uploads\/2020\/09\/Nota-Multiple-DGES-N\u00ba-97-2020.pdf\">Nota Multiple DGES N\u00ba 97 &#8211; 2020<\/a><\/p>\n<p><a href=\"https:\/\/ifdvinchina-lrj.infd.edu.ar\/sitio\/wp-content\/uploads\/2020\/09\/ULTIMA-VERSION-DIRECTORES-3-1.pdf\">Ultima versi\u00f3n directivos<\/a><\/p>\n<p><a href=\"https:\/\/drive.google.com\/file\/d\/1mhJK66Kehql9l1FyDB0PCVjigMTT4Av6\/view?usp=sharing\">RME 0924 &#8211;\u00a0La Rioja,12 de agosto de 2020<\/a><\/p>\n<p><a href=\"https:\/\/ifdvinchina-lrj.infd.edu.ar\/sitio\/wp-content\/uploads\/2020\/08\/Disposicion-DGES-N\u00ba-7-2020-Ex\u00e1menes-Finales.pdf\">Disposici\u00f3n DGES N\u00ba 7 &#8211; 2020 Ex\u00e1menes Finales<\/a>\u00a0(La Rioja,12 de agosto de 2020)<\/p>\n<hr \/>\n<h2>Anteriores<\/h2>\n<p><span style=\"text-decoration: line-through;\"><span style=\"color: #0000ff;\"><span class=\"Hipervinculo\" style=\"font-size: 10pt;\"><strong style=\"color: #0000ff; text-decoration: underline;\"><a style=\"color: #0000ff; text-decoration: underline;\" href=\"https:\/\/ifdvinchina-lrj.infd.edu.ar\/aula\/archivos\/repositorio\/\/250\/453\/DISPOSICION_DGES_N_24-17_Especificaciones_Resolucion_Coformado.pdf\" target=\"_NEW\" rel=\"noopener\">\u2022<\/a><\/strong><\/span><\/span><\/span><span style=\"text-decoration: underline; color: #0000ff;\"><span class=\"Hipervinculo\" style=\"font-size: 10pt;\"><strong style=\"color: #0000ff; text-decoration: underline;\"><a style=\"color: #0000ff; text-decoration: underline;\" href=\"https:\/\/ifdvinchina-lrj.infd.edu.ar\/aula\/archivos\/repositorio\/\/250\/453\/DISPOSICION_DGES_N_24-17_Especificaciones_Resolucion_Coformado.pdf\" target=\"_NEW\" rel=\"noopener\"> DISPOSICION DGES N\u00b0 24\/17 Especificaciones Res. Coformado<\/a>.pdf<\/strong><\/span><\/span><\/p>\n<p><span style=\"text-decoration: line-through;\"><span style=\"color: #0000ff;\"><span style=\"font-size: 8pt;\"><strong><span class=\"Hipervinculo\"><span style=\"font-size: 10pt;\"><strong style=\"color: #0000ff; text-decoration: underline;\"><a style=\"color: #0000ff; text-decoration: underline;\" href=\"https:\/\/ifdvinchina-lrj.infd.edu.ar\/aula\/archivos\/repositorio\/\/250\/454\/UltimaRes.Coformadores_2018.pdf\" target=\"_NEW\" rel=\"noopener\">\u2022<\/a><\/strong><\/span><\/span><\/strong><\/span><\/span><\/span><span style=\"text-decoration: underline; color: #0000ff;\"><span style=\"font-size: 8pt;\"><strong><span class=\"Hipervinculo\"><span style=\"font-size: 10pt;\"><strong style=\"color: #0000ff; text-decoration: underline;\"><a style=\"color: #0000ff; text-decoration: underline;\" href=\"https:\/\/ifdvinchina-lrj.infd.edu.ar\/aula\/archivos\/repositorio\/\/250\/454\/UltimaRes.Coformadores_2018.pdf\" target=\"_NEW\" rel=\"noopener\"> Ultima Res. Coformadores 2018<\/a>.pdf<\/strong><\/span><\/span><\/strong><\/span><\/span><\/p>\n<p><span style=\"text-decoration: line-through;\"><span style=\"color: #0000ff;\"><span style=\"font-size: 8pt;\"><strong><strong><span class=\"Hipervinculo\" style=\"font-size: 10pt;\"><strong style=\"color: #0000ff; text-decoration: underline;\"><a style=\"color: #0000ff; text-decoration: underline;\" href=\"https:\/\/ifdvinchina-lrj.infd.edu.ar\/aula\/archivos\/repositorio\/\/250\/455\/ResolucionCalendario_2018.pdf\" target=\"_NEW\" rel=\"noopener\">\u2022<\/a><\/strong><\/span><\/strong><\/strong><\/span><\/span><\/span><span style=\"text-decoration: underline; color: #0000ff;\"><span style=\"font-size: 8pt;\"><strong><strong><span class=\"Hipervinculo\" style=\"font-size: 10pt;\"><strong style=\"color: #0000ff; text-decoration: underline;\"><a style=\"color: #0000ff; text-decoration: underline;\" href=\"https:\/\/ifdvinchina-lrj.infd.edu.ar\/aula\/archivos\/repositorio\/\/250\/455\/ResolucionCalendario_2018.pdf\" target=\"_NEW\" rel=\"noopener\"> Res. Calendario 2018<\/a>.pdf<\/strong><\/span><\/strong><\/strong><\/span><\/span><\/p>\n<p><span style=\"text-decoration: line-through;\"><span style=\"text-decoration: underline;\"><span style=\"color: #0000ff;\"><span style=\"font-size: 8pt;\"><strong><strong><span class=\"Hipervinculo\" style=\"font-size: 10pt;\"><strong><strong style=\"color: #0000ff; text-decoration: underline;\"><a style=\"color: #0000ff; text-decoration: underline;\" href=\"https:\/\/ifdvinchina-lrj.infd.edu.ar\/aula\/archivos\/repositorio\/\/250\/456\/Disposicion_DGES_N_9-18__Pautas_generales.pdf\" target=\"_NEW\" rel=\"noopener\">\u2022<\/a><\/strong><\/strong><\/span><\/strong><\/strong><\/span><\/span><\/span><\/span><span style=\"text-decoration: underline; color: #0000ff;\"><span style=\"font-size: 8pt;\"><strong><strong><span class=\"Hipervinculo\" style=\"font-size: 10pt;\"><strong><a style=\"color: #0000ff; text-decoration: underline;\" href=\"https:\/\/ifdvinchina-lrj.infd.edu.ar\/aula\/archivos\/repositorio\/\/250\/456\/Disposicion_DGES_N_9-18__Pautas_generales.pdf\" target=\"_NEW\" rel=\"noopener\"><strong>Disposicion DGES_N\u00b0 9-18__Pautas_genera<\/strong><\/a><\/strong><\/span><\/strong><\/strong><\/span><span style=\"font-size: 8pt;\"><strong><strong><span class=\"Hipervinculo\" style=\"font-size: 10pt;\"><strong><a style=\"color: #0000ff; text-decoration: underline;\" href=\"https:\/\/ifdvinchina-lrj.infd.edu.ar\/aula\/archivos\/repositorio\/\/250\/456\/Disposicion_DGES_N_9-18__Pautas_generales.pdf\" target=\"_NEW\" rel=\"noopener\"><strong>les.pdf<\/strong><\/a><\/strong><\/span><\/strong><\/strong><\/span><\/span><\/p>\n","protected":false},"excerpt":{"rendered":"<p>Ciclo Lectivo 2021 NOTA DE ACTUALIZACION PROTOCOLO COVID19 25-07-21 CURSOGRAMAS DE ACTUACI\u00d3N RSGE1904 RSGE 0135 Elecci\u00f3n Equipos de Gesti\u00f3n Reglamento General ISFD Disposici\u00f3n DGES N\u00ba 08-2021 &#8211; Retorno actividad presencial Disposici\u00f3n DGES N\u00ba 07-2021 &#8211; Mesa de examen especial PROTOCOLO para COVID 19-ciclo 2021 (Propuesta Institucional) Procedimiento-Licencia-Excepcional-COVID-19 Disposici\u00f3n DGES N\u00ba 01-2021 Protocolo DGES Ciclo Lectivo &#8230; <a title=\"Resoluciones \/ Disposiciones\" class=\"read-more\" href=\"https:\/\/ifdvinchina-lrj.infd.edu.ar\/sitio\/resoluciones\/\" aria-label=\"More on Resoluciones \/ Disposiciones\">[+]<\/a><\/p>\n","protected":false},"author":887,"featured_media":0,"parent":0,"menu_order":0,"comment_status":"closed","ping_status":"closed","template":"","meta":[],"acf":[],"_links":{"self":[{"href":"https:\/\/ifdvinchina-lrj.infd.edu.ar\/sitio\/wp-json\/wp\/v2\/pages\/750"}],"collection":[{"href":"https:\/\/ifdvinchina-lrj.infd.edu.ar\/sitio\/wp-json\/wp\/v2\/pages"}],"about":[{"href":"https:\/\/ifdvinchina-lrj.infd.edu.ar\/sitio\/wp-json\/wp\/v2\/types\/page"}],"author":[{"embeddable":true,"href":"https:\/\/ifdvinchina-lrj.infd.edu.ar\/sitio\/wp-json\/wp\/v2\/users\/887"}],"replies":[{"embeddable":true,"href":"https:\/\/ifdvinchina-lrj.infd.edu.ar\/sitio\/wp-json\/wp\/v2\/comments?post=750"}],"version-history":[{"count":22,"href":"https:\/\/ifdvinchina-lrj.infd.edu.ar\/sitio\/wp-json\/wp\/v2\/pages\/750\/revisions"}],"predecessor-version":[{"id":1612,"href":"https:\/\/ifdvinchina-lrj.infd.edu.ar\/sitio\/wp-json\/wp\/v2\/pages\/750\/revisions\/1612"}],"wp:attachment":[{"href":"https:\/\/ifdvinchina-lrj.infd.edu.ar\/sitio\/wp-json\/wp\/v2\/media?parent=750"}],"curies":[{"name":"wp","href":"https:\/\/api.w.org\/{rel}","templated":true}]}}