{"id":1356,"date":"2020-10-28T01:10:31","date_gmt":"2020-10-28T04:10:31","guid":{"rendered":"https:\/\/ifdvinchina-lrj.infd.edu.ar\/sitio\/?page_id=1356"},"modified":"2023-08-08T17:49:54","modified_gmt":"2023-08-08T20:49:54","slug":"tic","status":"publish","type":"page","link":"https:\/\/ifdvinchina-lrj.infd.edu.ar\/sitio\/informacion-para-estudiantes\/tic\/","title":{"rendered":"Diagn\u00f3stico de TIC"},"content":{"rendered":"\n<p class=\"has-text-align-center\"><a href=\"https:\/\/forms.gle\/i2fyZPhE7dtHag9A8\"><strong>https:\/\/forms.gle\/i2fyZPhE7dtHag9A8<\/strong><\/a><\/p>\n\n\n\n<p><\/p>\n\n\n\n<p><strong>Herramientas Digitales<\/strong> &#8211; <strong>Para una ense\u00f1anza poderosa <\/strong>(Maggio, 2012)<\/p>\n\n\n\n<p class=\"has-medium-font-size\"><mark style=\"background-color:rgba(0, 0, 0, 0)\" class=\"has-inline-color has-vivid-cyan-blue-color\"><a rel=\"noreferrer noopener\" href=\"https:\/\/genial.ly\/es\/\" target=\"_blank\"><strong>Genially<\/strong>  <\/a><\/mark><\/p>\n\n\n\n<p><strong>Descripci\u00f3n:<\/strong><\/p>\n\n\n\n<p><em>Genially, tambi\u00e9n conocido como Genial.ly, es un software en l\u00ednea que permite crear presentaciones animadas e interactivas. Es una herramienta muy parecida a Prezi, pero con prestaciones m\u00e1s avanzadas.<\/em><\/p>\n\n\n\n<p>Ejemplo:<\/p>\n\n\n\n<figure class=\"wp-block-embed is-type-wp-embed is-provider-genially wp-block-embed-genially\"><div class=\"wp-block-embed__wrapper\">\n<iframe class=\"wp-embedded-content\" sandbox=\"allow-scripts\" security=\"restricted\" title=\"Entornos de aprendizaje virtual\" frameborder='0' width='1200' height='675' src='https:\/\/view.genial.ly\/5e679cd9c1a7970fc7f20aa6#?secret=J1RoNTD6qq' data-secret='J1RoNTD6qq' scrolling='yes'><\/iframe>\n<\/div><\/figure>\n\n\n\n<p><\/p>\n\n\n\n<p class=\"has-medium-font-size\"><a href=\"https:\/\/padlet.com\/\" target=\"_blank\" rel=\"noreferrer noopener\"><strong>Padlet<\/strong><\/a><\/p>\n\n\n\n<p><strong>Descripci\u00f3n:<\/strong><\/p>\n\n\n\n<p><em>Es una plataforma digital que permite crear murales colaborativos, ofreciendo la posibilidad de construir espacios donde se pueden presentar recursos multimedia, ya sea videos, audio, fotos o documentos. Estos recursos se agregan como notas adhesivas, como si fuesen \u201cpost-its\u201d.<\/em><\/p>\n\n\n\n<p><em>Con este mural o p\u00f3ster interactivo podr\u00e1s publicar, almacenar o compartir recursos tanto de manera individual o en colaboraci\u00f3n. En el terreno del aprendizaje es muy valioso ya que docentes y alumnos trabajar al mismo tiempo, dentro de un mismo entorno. Adem\u00e1s, es posible trabajar con otras personas que usen la plataforma \u00a1en todo el mundo!<\/em><\/p>\n\n\n\n<p>Ejemplo: <a rel=\"noreferrer noopener\" href=\"https:\/\/padlet.com\/irecosoy\/rcrumuxza7zm7erw\" target=\"_blank\">https:\/\/padlet.com\/irecosoy\/rcrumuxza7zm7erw<\/a> <\/p>\n\n\n\n<div class=\"padlet-embed\" style=\"border:1px solid rgba(0,0,0,0.1);border-radius:2px;box-sizing:border-box;overflow:hidden;position:relative;width:100%;background:#F4F4F4\"><p style=\"padding:0;margin:0\"><iframe src=\"https:\/\/padlet.com\/embed\/rcrumuxza7zm7erw\" frameborder=\"0\" allow=\"camera;microphone;geolocation\" style=\"width:100%;height:608px;display:block;padding:0;margin:0\"><\/iframe><\/p><div style=\"display:flex;align-items:center;justify-content:end;margin:0;height:28px\"><a href=\"https:\/\/padlet.com?ref=embed\" style=\"display:block;flex-grow:0;margin:0;border:none;padding:0;text-decoration:none\" target=\"_blank\" rel=\"noopener\"><div style=\"display:flex;align-items:center;\"><img decoding=\"async\" loading=\"lazy\" src=\"https:\/\/padlet.net\/embeds\/made_with_padlet_2022.png\" width=\"114\" height=\"28\" style=\"padding:0;margin:0;background:0 0;border:none;box-shadow:none\" alt=\"Hecho con Padlet\"><\/div><\/a><\/div><\/div>\n\n\n\n<p><\/p>\n\n\n\n<p class=\"has-medium-font-size\"><a href=\"https:\/\/kahoot.com\/es\/home\/kahoot-plus\/\" target=\"_blank\" rel=\"noreferrer noopener\"><strong>Kahoot!<\/strong><\/a><\/p>\n\n\n<div class=\"wp-block-image\">\n<figure class=\"aligncenter size-large is-resized\"><img decoding=\"async\" loading=\"lazy\" src=\"https:\/\/i.ytimg.com\/vi\/LxtXHcGnLmE\/maxresdefault.jpg\" alt=\"\" width=\"679\" height=\"381\"\/><figcaption class=\"wp-element-caption\">Imagen tomada de la web: https:\/\/www.youtube.com\/watch?v=LxtXHcGnLmE <\/figcaption><\/figure><\/div>\n\n\n<p><strong>Descripci\u00f3n: <\/strong><\/p>\n\n\n\n<p><em>Kahoot! es una plataforma gratuita que permite la creaci\u00f3n de cuestionarios de evaluaci\u00f3n (disponible en app o versi\u00f3n web). Es una herramienta por la que el profesor crea concursos en el aula para aprender o reforzar el aprendizaje y donde los alumnos son los concursantes. Los alumnos eligen su alias o nombre de usuario y contestan a una serie de preguntas por medio de un dispositivo \u2026<\/em><\/p>\n\n\n\n<p>Por ejemplo jugar como invitado: <a href=\"https:\/\/play.kahoot.it\/v2\/?quizId=3477323a-4f2c-4796-8175-e5d5d68e8b3d \">https:\/\/play.kahoot.it\/v2\/?quizId=3477323a-4f2c-4796-8175-e5d5d68e8b3d <\/a><\/p>\n\n\n\n<p><\/p>\n\n\n\n<h2 class=\"wp-block-heading\"><a href=\"https:\/\/prezi.com\/\" target=\"_blank\" rel=\"noreferrer noopener\">Prezi<\/a><\/h2>\n\n\n\n<p><strong>Descripci\u00f3n<\/strong>:<\/p>\n\n\n\n<p>Prezi es un sitio web de presentaciones para explorar y compartir ideas sobre un documento virtual.<\/p>\n\n\n\n<p>Herramienta de presentaci\u00f3n para el intercambio de ideas, ya sea de forma libre o estructurada. El texto, las im\u00e1genes, los v\u00eddeos y otros medios se colocan sobre el lienzo, y se pueden agrupar en marcos distintos tama\u00f1os.<\/p>\n\n\n\n<p>Algo atractivo de estas presentaciones son los efectos especiales de zoom y desplazamientos.<\/p>\n\n\n\n<p>Ejemplo: <a href=\"https:\/\/prezi.com\/view\/HNt3gG3IQvSjNu5oKNiN\/\">https:\/\/prezi.com\/view\/HNt3gG3IQvSjNu5oKNiN\/<\/a><\/p>\n\n\n<div class=\"wp-block-image\">\n<figure class=\"aligncenter size-large is-resized\"><img decoding=\"async\" loading=\"lazy\" src=\"https:\/\/ifdvinchina-lrj.infd.edu.ar\/sitio\/wp-content\/uploads\/2022\/08\/image.png\" alt=\"\" class=\"wp-image-1772\" width=\"773\" height=\"389\" srcset=\"https:\/\/ifdvinchina-lrj.infd.edu.ar\/sitio\/wp-content\/uploads\/2022\/08\/image.png 1141w, https:\/\/ifdvinchina-lrj.infd.edu.ar\/sitio\/wp-content\/uploads\/2022\/08\/image-1000x503.png 1000w, https:\/\/ifdvinchina-lrj.infd.edu.ar\/sitio\/wp-content\/uploads\/2022\/08\/image-768x386.png 768w\" sizes=\"(max-width: 773px) 100vw, 773px\" \/><\/figure><\/div>\n\n\n<p><\/p>\n\n\n\n<p><strong><span class=\"has-inline-color has-vivid-cyan-blue-color\">Aulas virtuales<\/span><\/strong><\/p>\n\n\n\n<p>Presentamos una serie de videos, destinados a estudiantes del I.S.F.D y T.P Vinchina explicando el acceso al campus virtual, la navegaci\u00f3n en el aula, las secciones, t\u00f3picos, foros, debates, mensajer\u00eda interna y la entrega de actividades.<\/p>\n\n\n\n<p class=\"has-text-align-center\"><iframe loading=\"lazy\" src=\"https:\/\/www.youtube.com\/embed\/videoseries?list=PLSw270vwYG39qwhiKXm3LhdgUe9hPUqTj\" width=\"560\" height=\"315\" frameborder=\"0\" allowfullscreen=\"allowfullscreen\"><\/iframe><\/p>\n\n\n\n<p class=\"has-text-align-center\"><iframe loading=\"lazy\" src=\"https:\/\/drive.google.com\/file\/d\/1bj-8JwHo4bDhDHo4JGUfQNKhmiwdS3s0\/preview\" width=\"740\" height=\"580\"><\/iframe><\/p>\n\n\n\n<p><strong><span class=\"has-inline-color has-vivid-cyan-blue-color\">Listado de Recursos Tecnol\u00f3gicos para ense\u00f1ar y aprender<\/span><\/strong><\/p>\n\n\n\n<div class=\"wp-block-columns is-layout-flex wp-container-2\">\n<div class=\"wp-block-column is-layout-flow\" style=\"flex-basis:100%\">\n<iframe loading=\"lazy\" src=\"https:\/\/drive.google.com\/file\/d\/1qMDnNO3srErY5tbGoPh7s9OYQTVGgngF\/preview\" width=\"640\" height=\"480\" allow=\"autoplay\"><\/iframe>\n<\/div>\n<\/div>\n\n\n\n<p><\/p>\n","protected":false},"excerpt":{"rendered":"<p>https:\/\/forms.gle\/i2fyZPhE7dtHag9A8 Herramientas Digitales &#8211; Para una ense\u00f1anza poderosa (Maggio, 2012) Genially Descripci\u00f3n: Genially, tambi\u00e9n conocido como Genial.ly, es un software en l\u00ednea que permite crear presentaciones animadas e interactivas. Es una herramienta muy parecida a Prezi, pero con prestaciones m\u00e1s avanzadas. Ejemplo: Padlet Descripci\u00f3n: Es una plataforma digital que permite crear murales colaborativos, ofreciendo la &#8230; <a title=\"Diagn\u00f3stico de TIC\" class=\"read-more\" href=\"https:\/\/ifdvinchina-lrj.infd.edu.ar\/sitio\/informacion-para-estudiantes\/tic\/\" aria-label=\"More on Diagn\u00f3stico de TIC\">[+]<\/a><\/p>\n","protected":false},"author":793,"featured_media":0,"parent":735,"menu_order":0,"comment_status":"closed","ping_status":"closed","template":"","meta":[],"acf":[],"_links":{"self":[{"href":"https:\/\/ifdvinchina-lrj.infd.edu.ar\/sitio\/wp-json\/wp\/v2\/pages\/1356"}],"collection":[{"href":"https:\/\/ifdvinchina-lrj.infd.edu.ar\/sitio\/wp-json\/wp\/v2\/pages"}],"about":[{"href":"https:\/\/ifdvinchina-lrj.infd.edu.ar\/sitio\/wp-json\/wp\/v2\/types\/page"}],"author":[{"embeddable":true,"href":"https:\/\/ifdvinchina-lrj.infd.edu.ar\/sitio\/wp-json\/wp\/v2\/users\/793"}],"replies":[{"embeddable":true,"href":"https:\/\/ifdvinchina-lrj.infd.edu.ar\/sitio\/wp-json\/wp\/v2\/comments?post=1356"}],"version-history":[{"count":10,"href":"https:\/\/ifdvinchina-lrj.infd.edu.ar\/sitio\/wp-json\/wp\/v2\/pages\/1356\/revisions"}],"predecessor-version":[{"id":1788,"href":"https:\/\/ifdvinchina-lrj.infd.edu.ar\/sitio\/wp-json\/wp\/v2\/pages\/1356\/revisions\/1788"}],"up":[{"embeddable":true,"href":"https:\/\/ifdvinchina-lrj.infd.edu.ar\/sitio\/wp-json\/wp\/v2\/pages\/735"}],"wp:attachment":[{"href":"https:\/\/ifdvinchina-lrj.infd.edu.ar\/sitio\/wp-json\/wp\/v2\/media?parent=1356"}],"curies":[{"name":"wp","href":"https:\/\/api.w.org\/{rel}","templated":true}]}}